{"id":99,"date":"2017-01-26T10:58:07","date_gmt":"2017-01-26T10:58:07","guid":{"rendered":"http:\/\/telsets.com\/sitefiles\/es\/?page_id=99"},"modified":"2018-10-18T08:30:39","modified_gmt":"2018-10-18T06:30:39","slug":"avaya","status":"publish","type":"page","link":"https:\/\/telsets.com\/es\/avaya\/","title":{"rendered":"AVAYA"},"content":{"rendered":"<h5><img loading=\"lazy\" decoding=\"async\" class=\"alignnone size-full wp-image-904\" src=\"https:\/\/telsets.com\/sitefiles\/es\/wp-content\/uploads\/sites\/5\/2017\/01\/PRODUCTOS-AVAYA.jpg\" alt=\"\" width=\"1240\" height=\"410\" srcset=\"https:\/\/telsets.com\/es\/wp-content\/uploads\/sites\/5\/2017\/01\/PRODUCTOS-AVAYA.jpg 1240w, https:\/\/telsets.com\/es\/wp-content\/uploads\/sites\/5\/2017\/01\/PRODUCTOS-AVAYA-300x99.jpg 300w, https:\/\/telsets.com\/es\/wp-content\/uploads\/sites\/5\/2017\/01\/PRODUCTOS-AVAYA-768x254.jpg 768w, https:\/\/telsets.com\/es\/wp-content\/uploads\/sites\/5\/2017\/01\/PRODUCTOS-AVAYA-1024x339.jpg 1024w\" sizes=\"auto, (max-width: 1240px) 100vw, 1240px\" \/><\/h5>\n<h5><\/h5>\n<h5><strong>AVAYA<\/strong><\/h5>\n<p>El fabricante l\u00edder para Enterprise Communication Systems es sin duda, Avaya. Sus dise\u00f1os de equipos de telecomunicaci\u00f3n se extienden hasta el mism\u00edsimo Graham Bell.<\/p>\n<p>Avaya ofrece un extenso abanico de productos para todo tipo de empresas, siendo el sector Contact Center su punto fuerte.<\/p>\n<p>El est\u00e1ndar de calidad y rendimiento de sus productos es muy superior al de sus competidores, y las opciones extras que ofrece son ilimitadas.<\/p>\n<p>Telsets ayuda a los clientes de Avaya con los recambios, las reparaciones, los reemplazos, el reacondicionamiento de terminales y con aquellos materiales que necesitan para upgrades o ampliaciones.<\/p>\n<p>&nbsp;<\/p>\n<p><img loading=\"lazy\" decoding=\"async\" class=\"aligncenter wp-image-697\" src=\"http:\/\/telsets.com\/sitefiles\/es\/wp-content\/uploads\/sites\/5\/2017\/01\/2-Year-Warranty-Image.jpg\" alt=\"\" width=\"73\" height=\"100\" srcset=\"https:\/\/telsets.com\/es\/wp-content\/uploads\/sites\/5\/2017\/01\/2-Year-Warranty-Image.jpg 436w, https:\/\/telsets.com\/es\/wp-content\/uploads\/sites\/5\/2017\/01\/2-Year-Warranty-Image-218x300.jpg 218w\" sizes=\"auto, (max-width: 73px) 100vw, 73px\" \/><\/p>\n<p style=\"text-align: center;\">Nuestros equipos reacondicionados AVAYA tienen una garant\u00eda de 2 a\u00f1os.<\/p>\n<hr \/>\n<p style=\"text-align: center;\"><a href=\"https:\/\/telsets.com\/es\/contact-us\/\" target=\"_blank\" rel=\"noopener noreferrer\"><img loading=\"lazy\" decoding=\"async\" class=\"alignnone wp-image-1000\" src=\"https:\/\/telsets.com\/es\/wp-content\/uploads\/sites\/5\/2017\/02\/Operadora.jpg\" alt=\"\" width=\"87\" height=\"86\" \/><\/a><\/p>\n<p style=\"text-align: center;\">Para ponerse en contacto con nosotros haga <a href=\"http:\/\/telsets.com\/es\/contact-us\/\"><span style=\"color: #0000ff;\">clic aqu\u00ed<\/span><\/a>.<\/p>\n<p style=\"text-align: center;\">Nuestro equipo estar\u00e1 encantado de atenderle.<\/p>\n<p style=\"text-align: center;\"><span style=\"color: #ffffff;\">&#8211;<br \/>\n<\/span><\/p>\n<p><script type=\"text\/javascript\" src=\"http:\/\/www.telsets.com\/mystats2\/track.php?mode=js\"><\/script><br \/>\n<noscript><img loading=\"lazy\" decoding=\"async\" src=\"http:\/\/www.telsets.com\/mystats2\/track_noscript.php\" border=\"0\" alt=\"\" width=\"1\" height=\"1\"><\/noscript><\/p>\n","protected":false},"excerpt":{"rendered":"<p>AVAYA El fabricante l\u00edder para Enterprise Communication Systems es sin duda, Avaya. Sus dise\u00f1os de equipos&hellip; <\/p>\n","protected":false},"author":1,"featured_media":692,"parent":0,"menu_order":0,"comment_status":"closed","ping_status":"closed","template":"","meta":{"footnotes":""},"class_list":["post-99","page","type-page","status-publish","has-post-thumbnail","hentry"],"aioseo_notices":[],"_links":{"self":[{"href":"https:\/\/telsets.com\/es\/wp-json\/wp\/v2\/pages\/99","targetHints":{"allow":["GET"]}}],"collection":[{"href":"https:\/\/telsets.com\/es\/wp-json\/wp\/v2\/pages"}],"about":[{"href":"https:\/\/telsets.com\/es\/wp-json\/wp\/v2\/types\/page"}],"author":[{"embeddable":true,"href":"https:\/\/telsets.com\/es\/wp-json\/wp\/v2\/users\/1"}],"replies":[{"embeddable":true,"href":"https:\/\/telsets.com\/es\/wp-json\/wp\/v2\/comments?post=99"}],"version-history":[{"count":47,"href":"https:\/\/telsets.com\/es\/wp-json\/wp\/v2\/pages\/99\/revisions"}],"predecessor-version":[{"id":1103,"href":"https:\/\/telsets.com\/es\/wp-json\/wp\/v2\/pages\/99\/revisions\/1103"}],"wp:featuredmedia":[{"embeddable":true,"href":"https:\/\/telsets.com\/es\/wp-json\/wp\/v2\/media\/692"}],"wp:attachment":[{"href":"https:\/\/telsets.com\/es\/wp-json\/wp\/v2\/media?parent=99"}],"curies":[{"name":"wp","href":"https:\/\/api.w.org\/{rel}","templated":true}]}}