{"id":955,"date":"2017-06-07T12:03:53","date_gmt":"2017-06-07T10:03:53","guid":{"rendered":"http:\/\/telsets.com\/es\/?page_id=955"},"modified":"2020-10-27T04:02:01","modified_gmt":"2020-10-27T03:02:01","slug":"reciclaje","status":"publish","type":"page","link":"https:\/\/telsets.com\/es\/reciclaje\/","title":{"rendered":"Reciclaje"},"content":{"rendered":"<p><img loading=\"lazy\" decoding=\"async\" class=\"alignnone size-full wp-image-1131\" src=\"https:\/\/telsets.com\/es\/wp-content\/uploads\/sites\/5\/2020\/10\/telsets2020a-1.jpg\" alt=\"\" width=\"1024\" height=\"274\" srcset=\"https:\/\/telsets.com\/es\/wp-content\/uploads\/sites\/5\/2020\/10\/telsets2020a-1.jpg 1024w, https:\/\/telsets.com\/es\/wp-content\/uploads\/sites\/5\/2020\/10\/telsets2020a-1-300x80.jpg 300w, https:\/\/telsets.com\/es\/wp-content\/uploads\/sites\/5\/2020\/10\/telsets2020a-1-768x206.jpg 768w\" sizes=\"auto, (max-width: 1024px) 100vw, 1024px\" \/><\/p>\n<p>&nbsp;<\/p>\n<h5 style=\"text-align: left;\"><strong>TELSETS Y EL MEDIO AMBIENTE<\/strong><\/h5>\n<p>Reutilizar es el principio fundamental del reciclado, por lo que estamos trabajando continuamente para ofrecer a nuestros clientes la soluci\u00f3n m\u00e1s adecuada a sus necesidades, tanto si es para valorar y comprar sus equipos como para reciclarlos y sustituirlos por otros m\u00e1s modernos. Telsets ofrece un conjunto de servicios que engloba todo lo que su empresa pueda necesitar en cualquier parte del ciclo de vida de sus equipos.<\/p>\n<p>En l\u00ednea con las \u00faltimas leyes y regulaciones europeas sobre desecho de material electr\u00f3nico, nuestro equipo de log\u00edstica se ocupa de la destrucci\u00f3n de todas las piezas no reutilizables dentro de un entorno seguro y ecol\u00f3gicamente respetuoso. Disponemos de un servicio de valoraci\u00f3n, despiece y destrucci\u00f3n cumpliendo con la normativa ISO9000 e ISO14000.<\/p>\n<p>&nbsp;<\/p>\n<p><strong>SERVICIOS QUE OFRECEMOS:<\/strong><\/p>\n<p align=\"justify\">Porque cada situaci\u00f3n es \u00fanica y cada empresa requiere una soluci\u00f3n distinta, Telsets ofrece un amplio abanico de servicios dise\u00f1ado a medida seg\u00fan las necesidades y demanda de cada cliente,\u00a0respetando siempre las directrices que establecen las leyes que est\u00e1n en vigor.<\/p>\n<p align=\"justify\">Gestionamos la retirada de todo tipo de residuos que aparecen en la <span style=\"color: #0000ff;\"><a style=\"color: #0000ff;\" href=\"https:\/\/www.google.es\/url?sa=t&amp;rct=j&amp;q=&amp;esrc=s&amp;source=web&amp;cd=1&amp;ved=0ahUKEwi38cGHyavUAhUOKFAKHcy_DNUQFggpMAA&amp;url=http%3A%2F%2Fwww.cma.gva.es%2Fareas%2Fresiduos%2Fres%2FCER2002a.PDF&amp;usg=AFQjCNGsiMQj4g5dpUxB8-nUK0cej7IjSg&amp;cad=rja\" target=\"_blank\" rel=\"noopener noreferrer\">Lista Europea de Residuos<\/a><\/span> (L.E.R.) por medio de transportes autorizados para cada caso en concreto, tramitando desde la petici\u00f3n de admisi\u00f3n de los diferentes residuos en un Gestor Autorizado para el tratamiento de los mismos, el seguimiento de los residuos y la aceptaci\u00f3n de los mismos en dicho Gestor Autorizado, tal y como establecen las leyes actuales.<\/p>\n<p align=\"justify\"><strong>Servicios medio ambientales para la gesti\u00f3n de todo tipo de residuos:<\/strong><\/p>\n<div align=\"justify\">\n<ul type=\"disc\">\n<li>Transporte autorizado de residuos a gestores autorizados.<\/li>\n<li>Entrega de certificado por gestores autorizados seg\u00fan normativa vigente.<\/li>\n<li>Asesoramiento medio ambiental.<\/li>\n<\/ul>\n<p><strong>Servicios adicionales para la re-utilizaci\u00f3n de equipos usados y nuevos:<\/strong><\/p>\n<\/div>\n<div align=\"justify\">\n<ul type=\"disc\">\n<li>Compra y venta de los equipos usados y nuevos.<\/li>\n<li>Instalaci\u00f3n y configuraci\u00f3n de equipos.<\/li>\n<li>Transporte a nuestros almacenes en Colmenar Viejo.<\/li>\n<li>Opci\u00f3n de preparar todos los materiales para su posterior traslado.<\/li>\n<li>Opciones de desmontaje de equipos en la propia instalaci\u00f3n.<\/li>\n<li>Protecci\u00f3n de datos inform\u00e1ticos.<\/li>\n<\/ul>\n<\/div>\n<div align=\"justify\"><\/div>\n<blockquote><p><em><strong>La profesionalidad y experiencia de nuestro personal t\u00e9cnico\u00a0no interfiere en el desarrollo normal de la actividad de su empresa, siendo nuestro personal el que realice todas las gestiones que requieran, garantizando la mayor eficiencia y discreci\u00f3n, dando un servicio ejemplar.<\/strong><\/em><\/p><\/blockquote>\n<div align=\"justify\"><\/div>\n<div align=\"justify\">\n<p><strong>CERTIFICADO<\/strong><\/p>\n<p align=\"justify\">Telsets entrega el certificado facilitado por el gestor autorizado seg\u00fan normativa vigente una vez reciclados los equipos.<\/p>\n<\/div>\n<div align=\"justify\"><\/div>\n<div align=\"justify\">\n<p><strong>PROTECCI\u00d3N DE DATOS<\/strong><\/p>\n<p align=\"justify\">En algunos casos, los equipos que se van a reciclar\u00a0contienen\u00a0informaci\u00f3n confidencial de las empresas que contratan este servicio, esta informaci\u00f3n\u00a0<strong>SIEMPRE<\/strong>\u00a0se destruye\u00a0y se emite su\u00a0correspondiente certificado de confidencialidad.<\/p>\n<\/div>\n<p>&nbsp;<\/p>\n<p>&nbsp;<\/p>\n<hr \/>\n<p style=\"text-align: center;\"><img loading=\"lazy\" decoding=\"async\" class=\"alignnone wp-image-570\" src=\"https:\/\/telsets.com\/wp-content\/uploads\/2017\/03\/side03d.png\" alt=\"\" width=\"127\" height=\"140\" \/><\/p>\n<p style=\"text-align: center;\">Para ponerse en contacto con nosotros haga <span style=\"color: #0000ff;\"><a style=\"color: #0000ff;\" href=\"https:\/\/telsets.com\/es\/contact-us\/\" target=\"_blank\" rel=\"noopener noreferrer\">clic aqu\u00ed<\/a><\/span><strong>.<\/strong><\/p>\n<p style=\"text-align: center;\">Nuestro equipo estar\u00e1 encantado de ayudarle. Hablamos ingl\u00e9s y espa\u00f1ol.<\/p>\n<p><span style=\"color: #ffffff;\">&#8211;<\/span><\/p>\n","protected":false},"excerpt":{"rendered":"<p>&nbsp; TELSETS Y EL MEDIO AMBIENTE Reutilizar es el principio fundamental del reciclado, por lo que&hellip; <\/p>\n","protected":false},"author":1,"featured_media":0,"parent":0,"menu_order":0,"comment_status":"closed","ping_status":"closed","template":"","meta":{"footnotes":""},"class_list":["post-955","page","type-page","status-publish","hentry"],"aioseo_notices":[],"_links":{"self":[{"href":"https:\/\/telsets.com\/es\/wp-json\/wp\/v2\/pages\/955","targetHints":{"allow":["GET"]}}],"collection":[{"href":"https:\/\/telsets.com\/es\/wp-json\/wp\/v2\/pages"}],"about":[{"href":"https:\/\/telsets.com\/es\/wp-json\/wp\/v2\/types\/page"}],"author":[{"embeddable":true,"href":"https:\/\/telsets.com\/es\/wp-json\/wp\/v2\/users\/1"}],"replies":[{"embeddable":true,"href":"https:\/\/telsets.com\/es\/wp-json\/wp\/v2\/comments?post=955"}],"version-history":[{"count":17,"href":"https:\/\/telsets.com\/es\/wp-json\/wp\/v2\/pages\/955\/revisions"}],"predecessor-version":[{"id":1134,"href":"https:\/\/telsets.com\/es\/wp-json\/wp\/v2\/pages\/955\/revisions\/1134"}],"wp:attachment":[{"href":"https:\/\/telsets.com\/es\/wp-json\/wp\/v2\/media?parent=955"}],"curies":[{"name":"wp","href":"https:\/\/api.w.org\/{rel}","templated":true}]}}