{"id":62,"date":"2017-01-25T16:53:05","date_gmt":"2017-01-25T16:53:05","guid":{"rendered":"http:\/\/telsets.com\/sitefiles\/es\/?page_id=62"},"modified":"2020-10-27T04:00:52","modified_gmt":"2020-10-27T03:00:52","slug":"repair-centre","status":"publish","type":"page","link":"https:\/\/telsets.com\/es\/repair-centre\/","title":{"rendered":"Centro de reparaciones de Telsets"},"content":{"rendered":"<p><img loading=\"lazy\" decoding=\"async\" class=\"alignnone size-full wp-image-1128\" src=\"https:\/\/telsets.com\/es\/wp-content\/uploads\/sites\/5\/2020\/10\/telsets2020d.jpg\" alt=\"\" width=\"1024\" height=\"274\" srcset=\"https:\/\/telsets.com\/es\/wp-content\/uploads\/sites\/5\/2020\/10\/telsets2020d.jpg 1024w, https:\/\/telsets.com\/es\/wp-content\/uploads\/sites\/5\/2020\/10\/telsets2020d-300x80.jpg 300w, https:\/\/telsets.com\/es\/wp-content\/uploads\/sites\/5\/2020\/10\/telsets2020d-768x206.jpg 768w\" sizes=\"auto, (max-width: 1024px) 100vw, 1024px\" \/><\/p>\n<p>&nbsp;<\/p>\n<h5><strong>NUESTRO CENTRO DE REPARACIONES<\/strong><\/h5>\n<p>Contamos con un centro especializado en reparaciones para la mayor parte de marcas de equipos de telecomunicaciones y de red. Muchos a\u00f1os reacondicionando equipos usados avalan nuestro trabajo y garantizan el resultado final.<\/p>\n<blockquote><p><span style=\"color: #333333;\"><strong><em>Somos expertos en Avaya y ofrecemos nuestros servicios a nivel mundial.<\/em><\/strong><\/span><\/p><\/blockquote>\n<p>Nuestros expertos tambi\u00e9n acuden a su empresa para resolver las aver\u00edas, retirar el material a reparar y\/o asesorar acerca de las mejores soluciones para cada cliente.<\/p>\n<p>Para informaci\u00f3n detallada no dude en ponerse en contacto con nosotros. Nuestros t\u00e9cnicos valorar\u00e1n su caso personalmente ofreci\u00e9ndole el servicio que mejor se adapte a sus necesidades.<\/p>\n<blockquote><p><span style=\"color: #333333;\"><em><strong>Toda reparaci\u00f3n est\u00e1 cubierta por una garant\u00eda de reparaci\u00f3n.<\/strong><\/em><\/span><\/p><\/blockquote>\n<p>&nbsp;<\/p>\n<hr \/>\n<p style=\"text-align: center;\"><a href=\"https:\/\/telsets.com\/es\/contact-us\/\" target=\"_blank\" rel=\"noopener noreferrer\"><img loading=\"lazy\" decoding=\"async\" class=\"alignnone wp-image-1000\" src=\"https:\/\/telsets.com\/es\/wp-content\/uploads\/sites\/5\/2017\/02\/Operadora.jpg\" alt=\"\" width=\"87\" height=\"86\" \/><\/a><\/p>\n<p style=\"text-align: center;\">Para ponerse en contacto con nosotros haga <span style=\"color: #0000ff;\"><a style=\"color: #0000ff;\" href=\"https:\/\/telsets.com\/es\/contact-us\/\" target=\"_blank\" rel=\"noopener noreferrer\">clic aqu\u00ed<\/a><\/span><strong>.<\/strong><\/p>\n<p style=\"text-align: center;\">Nuestro equipo estar\u00e1 encantado de atenderle.<span style=\"color: #ffffff;\">&#8211;<\/span><\/p>\n<p><span style=\"color: #ffffff;\">&#8211;<\/span><br \/>\n<script type=\"text\/javascript\" src=\"http:\/\/www.telsets.com\/mystats2\/track.php?mode=js\"><\/script><br \/>\n<noscript><img loading=\"lazy\" decoding=\"async\" src=\"http:\/\/www.telsets.com\/mystats2\/track_noscript.php\" border=\"0\" alt=\"\" width=\"1\" height=\"1\"><\/noscript><\/p>\n","protected":false},"excerpt":{"rendered":"<p>&nbsp; NUESTRO CENTRO DE REPARACIONES Contamos con un centro especializado en reparaciones para la mayor parte&hellip; <\/p>\n","protected":false},"author":1,"featured_media":736,"parent":0,"menu_order":0,"comment_status":"closed","ping_status":"closed","template":"","meta":{"footnotes":""},"class_list":["post-62","page","type-page","status-publish","has-post-thumbnail","hentry"],"aioseo_notices":[],"_links":{"self":[{"href":"https:\/\/telsets.com\/es\/wp-json\/wp\/v2\/pages\/62","targetHints":{"allow":["GET"]}}],"collection":[{"href":"https:\/\/telsets.com\/es\/wp-json\/wp\/v2\/pages"}],"about":[{"href":"https:\/\/telsets.com\/es\/wp-json\/wp\/v2\/types\/page"}],"author":[{"embeddable":true,"href":"https:\/\/telsets.com\/es\/wp-json\/wp\/v2\/users\/1"}],"replies":[{"embeddable":true,"href":"https:\/\/telsets.com\/es\/wp-json\/wp\/v2\/comments?post=62"}],"version-history":[{"count":53,"href":"https:\/\/telsets.com\/es\/wp-json\/wp\/v2\/pages\/62\/revisions"}],"predecessor-version":[{"id":1132,"href":"https:\/\/telsets.com\/es\/wp-json\/wp\/v2\/pages\/62\/revisions\/1132"}],"wp:featuredmedia":[{"embeddable":true,"href":"https:\/\/telsets.com\/es\/wp-json\/wp\/v2\/media\/736"}],"wp:attachment":[{"href":"https:\/\/telsets.com\/es\/wp-json\/wp\/v2\/media?parent=62"}],"curies":[{"name":"wp","href":"https:\/\/api.w.org\/{rel}","templated":true}]}}