{"id":57,"date":"2017-01-25T16:51:38","date_gmt":"2017-01-25T16:51:38","guid":{"rendered":"http:\/\/telsets.com\/sitefiles\/es\/?page_id=57"},"modified":"2020-10-27T04:01:33","modified_gmt":"2020-10-27T03:01:33","slug":"what-we-do","status":"publish","type":"page","link":"https:\/\/telsets.com\/es\/what-we-do\/","title":{"rendered":"\u00bfQu\u00e9 hacemos en Telsets?"},"content":{"rendered":"<p><img loading=\"lazy\" decoding=\"async\" class=\"alignnone size-full wp-image-1130\" src=\"https:\/\/telsets.com\/es\/wp-content\/uploads\/sites\/5\/2020\/10\/telsets2020b-1.jpg\" alt=\"\" width=\"1024\" height=\"274\" srcset=\"https:\/\/telsets.com\/es\/wp-content\/uploads\/sites\/5\/2020\/10\/telsets2020b-1.jpg 1024w, https:\/\/telsets.com\/es\/wp-content\/uploads\/sites\/5\/2020\/10\/telsets2020b-1-300x80.jpg 300w, https:\/\/telsets.com\/es\/wp-content\/uploads\/sites\/5\/2020\/10\/telsets2020b-1-768x206.jpg 768w\" sizes=\"auto, (max-width: 1024px) 100vw, 1024px\" \/><\/p>\n<p>&nbsp;<\/p>\n<p>Telsets es uno de los proveedores m\u00e1s grandes de venta de material reacondicionado de equipos de telecomunicaciones de AVAYA, NORTEL, CISCO, HP, EXTREME y POLYCOM. Telsets sirve a multitud de clientes en todo el mundo.<\/p>\n<p>A trav\u00e9s de los a\u00f1os y la experiencia hemos desarrollado una serie de servicios personalizados. Si necesita cualquier recambio para su sistema de comunicaci\u00f3n o quiere vender su antiguo sistema no dude en ponerse en contacto con <a href=\"http:\/\/telsets.com\/es\/contact-us\/\" target=\"_blank\" rel=\"noopener noreferrer\"><span style=\"color: #0000ff;\">nosotros<\/span><\/a>.<\/p>\n<blockquote><p><span style=\"color: #333333;\"><em><strong>Nuestros t\u00e9cnicos valorar\u00e1n su caso personalmente ofreci\u00e9ndole el servicio que mejor se adapte a sus necesidades.<\/strong><\/em><\/span><\/p><\/blockquote>\n<p>Si no encuentra lo que busca dentro de las ofertas de nuestra p\u00e1gina, no dude en ponerse en contacto con nosotros y trabajaremos para ofrecerle una soluci\u00f3n a su medida.<\/p>\n<p>Haga<span style=\"color: #0000ff;\"><b> <\/b><b><\/b><a style=\"color: #0000ff;\" href=\"http:\/\/www.telsets.com\/docs\/tradeintradeup-emea.pdf\" target=\"_blank\" rel=\"noopener noreferrer\"><b><span class=\"style1\">clic aqu\u00ed<\/span><\/b><\/a><\/span> para visualizar uno de nuestros programas de comercio con Avaya en EMEA como ejemplo de los servicios que ofrecemos.<\/p>\n<p>&nbsp;<\/p>\n<h5 style=\"text-align: center;\"><strong>NUESTROS SERVICIOS<\/strong><\/h5>\n<p>&nbsp;<\/p>\n<p><strong>SUMINISTRO DE EQUIPOS:<\/strong><\/p>\n<p>Poseemos uno de los inventarios m\u00e1s grandes y variados de Europa en equipos de telecomunicaciones y redes en marcas como AVAYA, NORTEL, POLYCOM y CISCO. Nuestra gran variedad nos permite ofrecer la posibilidad de enviarles inmediatamente cualquier material que necesiten. Desde equipos nuevos y actuales hasta reacondicionados, antiguos y descatalogados.<\/p>\n<p>Todo el material adquirido en Telsets es probado y reacondicionado cuidadosamente por un equipo de expertos para garantizar la calidad del producto. Todo el material suministrado por Telsets est\u00e1 cubierto por una garant\u00eda de 2 a\u00f1os o se devuelve el dinero.<\/p>\n<p>&nbsp;<\/p>\n<hr \/>\n<p><strong>RECOMPRA DE MATERIAL Y MATERIAL EN CONSIGNA:<\/strong><\/p>\n<p>\u00a1COMPRAMOS SU EQUIPO USADO!<\/p>\n<p>Muchos de nuestros clientes aprovechan distintos programas de recompra y dep\u00f3sito que ofrecemos, a trav\u00e9s de los cuales recompramos los sistemas antiguos que van a ser reemplazados por equipos m\u00e1s modernos. En Telsets nos hacemos cargo del exceso de equipamiento del que puedan disponer y tambi\u00e9n ofrecemos distintos servicios de almacenamiento y reacondicionamiento de sus equipos.<\/p>\n<p>P\u00f3ngase en contacto con nosotros y averig\u00fce el valor de su sistema viejo.<\/p>\n<p>&nbsp;<\/p>\n<hr \/>\n<p><strong>DESINSTALACI\u00d3N:<\/strong><\/p>\n<p>\u00bfEst\u00e1 pensando en renovar su equipo de telecomunicaciones o redes? Nuestro equipo de expertos puede ayudarle a desinstalarlo de manera r\u00e1pida, f\u00e1cil y eficiente. Tambi\u00e9n ofrecemos servicios de almacenamiento para sus equipos durante el tiempo que sea necesario. Encontrar\u00e1 m\u00e1s informaci\u00f3n sobre nuestro servicio de almacenamiento en el apartado abajo.<\/p>\n<p>&nbsp;<\/p>\n<hr \/>\n<p><strong>ALQUILER DE EQUIPOS:<\/strong><\/p>\n<p>Si necesita hacer uso de un equipo en particular durante un tiempo determinado, tenemos la soluci\u00f3n. En Telsets estaremos encantados de ofrecerle el servicio de alquiler que mejor se ajuste a sus necesidades.<\/p>\n<p>&nbsp;<\/p>\n<hr \/>\n<p><strong>GESTI\u00d3N DE STOCK:<\/strong><\/p>\n<p>Telsets ayuda a muchas empresas con programas de gesti\u00f3n de stock personalizados seg\u00fan la necesidad de cada cliente. Almacenamos, reacondicionamos y damos servicio a su equipo. Ofrecemos tambi\u00e9n servicio de env\u00edo a cualquier lugar del mundo. Nuestro servicio de gesti\u00f3n de stock le har\u00e1 ahorrar tiempo y dinero, no tendr\u00e1 que preocuparse por almacenaje, mantenimiento, o transporte.<\/p>\n<p><em><strong>\u00a1Lo gestionamos por usted!<\/strong><\/em><\/p>\n<p>&nbsp;<\/p>\n<hr \/>\n<p><strong>ALMACENAMIENTO:<\/strong><\/p>\n<p>Tras muchos a\u00f1os distribuyendo material de telecomunicaciones a nuestros clientes y supliendo sus necesidades, conocemos los equipos a la perfecci\u00f3n. Nuestro servicio de almacenamiento ofrece a su vez un servicio de inventario del material que Usted no necesite actualmente. Nuestros servicios se ajustan a sus necesidades, por ello ofrecemos \u00a0almacenamiento de sus equipos por tiempo ilimitado y siempre listo para enviarlo all\u00e1 donde lo necesite.<\/p>\n<p>&nbsp;<\/p>\n<hr \/>\n<p>&nbsp;<\/p>\n<p style=\"text-align: center;\"><a href=\"http:\/\/telsets.com\/es\/contact-us\/\" target=\"_blank\" rel=\"noopener noreferrer\"><img loading=\"lazy\" decoding=\"async\" class=\"alignnone wp-image-1000\" src=\"http:\/\/telsets.com\/es\/wp-content\/uploads\/sites\/5\/2017\/02\/Operadora.jpg\" alt=\"\" width=\"87\" height=\"86\" \/><\/a><\/p>\n<p style=\"text-align: center;\">Para ponerse en contacto con nosotros haga <span style=\"color: #0000ff;\"><a style=\"color: #0000ff;\" href=\"http:\/\/telsets.com\/es\/contact-us\/\" target=\"_blank\" rel=\"noopener noreferrer\">clic aqu\u00ed<\/a><\/span><strong>.<\/strong><\/p>\n<p style=\"text-align: center;\"><strong>Averig\u00fce hoy lo que Telsets puede hacer por Usted y su empresa.<\/strong><\/p>\n<p style=\"text-align: center;\">Nuestro equipo estar\u00e1 encantado de ayudarle. Hablamos ingl\u00e9s y espa\u00f1ol.<\/p>\n<p><span style=\"color: #ffffff;\">&#8211;<\/span><\/p>\n<p><span style=\"color: #ffffff;\">&#8211;<\/span><br \/>\n<script type=\"text\/javascript\" src=\"http:\/\/www.telsets.com\/mystats2\/track.php?mode=js\"><\/script><br \/>\n<noscript><img loading=\"lazy\" decoding=\"async\" src=\"http:\/\/www.telsets.com\/mystats2\/track_noscript.php\" border=\"0\" alt=\"\" width=\"1\" height=\"1\"><\/noscript><\/p>\n","protected":false},"excerpt":{"rendered":"<p>&nbsp; Telsets es uno de los proveedores m\u00e1s grandes de venta de material reacondicionado de equipos&hellip; <\/p>\n","protected":false},"author":1,"featured_media":353,"parent":0,"menu_order":0,"comment_status":"closed","ping_status":"closed","template":"","meta":{"footnotes":""},"class_list":["post-57","page","type-page","status-publish","has-post-thumbnail","hentry"],"aioseo_notices":[],"_links":{"self":[{"href":"https:\/\/telsets.com\/es\/wp-json\/wp\/v2\/pages\/57","targetHints":{"allow":["GET"]}}],"collection":[{"href":"https:\/\/telsets.com\/es\/wp-json\/wp\/v2\/pages"}],"about":[{"href":"https:\/\/telsets.com\/es\/wp-json\/wp\/v2\/types\/page"}],"author":[{"embeddable":true,"href":"https:\/\/telsets.com\/es\/wp-json\/wp\/v2\/users\/1"}],"replies":[{"embeddable":true,"href":"https:\/\/telsets.com\/es\/wp-json\/wp\/v2\/comments?post=57"}],"version-history":[{"count":61,"href":"https:\/\/telsets.com\/es\/wp-json\/wp\/v2\/pages\/57\/revisions"}],"predecessor-version":[{"id":1133,"href":"https:\/\/telsets.com\/es\/wp-json\/wp\/v2\/pages\/57\/revisions\/1133"}],"wp:featuredmedia":[{"embeddable":true,"href":"https:\/\/telsets.com\/es\/wp-json\/wp\/v2\/media\/353"}],"wp:attachment":[{"href":"https:\/\/telsets.com\/es\/wp-json\/wp\/v2\/media?parent=57"}],"curies":[{"name":"wp","href":"https:\/\/api.w.org\/{rel}","templated":true}]}}