{"id":291,"date":"2017-02-08T17:02:46","date_gmt":"2017-02-08T17:02:46","guid":{"rendered":"http:\/\/telsets.com\/sitefiles\/es\/?page_id=291"},"modified":"2020-10-27T04:02:28","modified_gmt":"2020-10-27T03:02:28","slug":"company","status":"publish","type":"page","link":"https:\/\/telsets.com\/es\/company\/","title":{"rendered":"Sobre nosotros"},"content":{"rendered":"<p><img loading=\"lazy\" decoding=\"async\" class=\"alignnone size-full wp-image-1129\" src=\"https:\/\/telsets.com\/es\/wp-content\/uploads\/sites\/5\/2020\/10\/telsets2020c-1.jpg\" alt=\"\" width=\"1024\" height=\"274\" srcset=\"https:\/\/telsets.com\/es\/wp-content\/uploads\/sites\/5\/2020\/10\/telsets2020c-1.jpg 1024w, https:\/\/telsets.com\/es\/wp-content\/uploads\/sites\/5\/2020\/10\/telsets2020c-1-300x80.jpg 300w, https:\/\/telsets.com\/es\/wp-content\/uploads\/sites\/5\/2020\/10\/telsets2020c-1-768x206.jpg 768w\" sizes=\"auto, (max-width: 1024px) 100vw, 1024px\" \/><\/p>\n<p>&nbsp;<\/p>\n<p>Ponemos a su disposici\u00f3n una extensa selecci\u00f3n de accesorios y recambios para sistemas de telefon\u00eda, tanto nuevos como antiguos, para empresas de todos los tama\u00f1os. No importa c\u00f3mo de grande o peque\u00f1o es el proyecto que trae entre manos, en Telsets hemos desarrollado una serie de servicios adaptados a todas sus necesidades. Nuestro equipo de expertos puede ayudarle a escoger el equipo correcto, a reacondicionar sus equipos usados u ofrecemos la posibilidad de recompra de sistemas y terminales telef\u00f3nicos ayudando as\u00ed a la modernizaci\u00f3n de su empresa.<\/p>\n<blockquote><p><strong><em>Contamos con m\u00e1s de 30 a\u00f1os de experiencia en el sector de los equipos de telecomunicaciones y m\u00e1s de 15 a\u00f1os distribuyendo, atendiendo y dando servicio a nuestros clientes.<\/em><\/strong><\/p><\/blockquote>\n<p>Sea lo que sea lo que est\u00e1 buscando, en Telsets tenemos la soluci\u00f3n. Podr\u00e1 encontrar m\u00e1s informaci\u00f3n sobre todos los servicios que ofrecemos en nuestra secci\u00f3n \u00abServicios\u00bb, y si no encuentra lo que busca, no dude en ponerse en contacto con nosotros. Nuestro personal cualificado le prestar\u00e1 asesoramiento para poder dise\u00f1ar una soluci\u00f3n a su medida.<\/p>\n<p>&nbsp;<\/p>\n<p><img loading=\"lazy\" decoding=\"async\" class=\"wp-image-574 aligncenter\" src=\"https:\/\/telsets.com\/es\/wp-content\/uploads\/sites\/5\/2017\/03\/side02f.png\" alt=\"\" width=\"85\" height=\"78\" \/><\/p>\n<p>Telsets se encuentra en Madrid (Espa\u00f1a) pero tiene almacenes en Estados Unidos y el Reino Unido para facilitar la distribuci\u00f3n y asegurar una entrega r\u00e1pida. Entrega entre 24 y 48 horas en toda Europa. <span style=\"color: #333333;\">Telsets es uno de los proveedores m\u00e1s grandes de venta de material reacondicionado de AVAYA, NORTEL, POLYCOM y CISCO, con ventas a nivel mundial en m\u00e1s de 57 pa\u00edses.<\/span><\/p>\n<p>&nbsp;<\/p>\n<p><img loading=\"lazy\" decoding=\"async\" class=\"wp-image-697 aligncenter\" src=\"https:\/\/telsets.com\/es\/wp-content\/uploads\/sites\/5\/2017\/01\/2-Year-Warranty-Image.jpg\" alt=\"\" width=\"61\" height=\"83\" srcset=\"https:\/\/telsets.com\/es\/wp-content\/uploads\/sites\/5\/2017\/01\/2-Year-Warranty-Image.jpg 436w, https:\/\/telsets.com\/es\/wp-content\/uploads\/sites\/5\/2017\/01\/2-Year-Warranty-Image-218x300.jpg 218w\" sizes=\"auto, (max-width: 61px) 100vw, 61px\" \/><\/p>\n<p>En Telsets confiamos en la calidad de nuestros equipos\u00a0y nuestros servicios, por ello todos nuestros equipos reacondicionados AVAYA, NORTEL y CISCO van acompa\u00f1ados de una garant\u00eda de hasta 2 a\u00f1os o se devuelve el dinero. Tambi\u00e9n ponemos a\u00a0disposici\u00f3n de nuestros clientes un servicio de reparaci\u00f3n y mantenimiento de equipos en nuestro Centro de reparaciones. Para m\u00e1s informaci\u00f3n dir\u00edjase a la secci\u00f3n \u00ab<span style=\"color: #0000ff;\"><a style=\"color: #0000ff;\" href=\"http:\/\/telsets.com\/es\/repair-centre\/\" target=\"_blank\" rel=\"noopener noreferrer\">Reparaciones<\/a><\/span>\u00bb o p\u00f3ngase en contacto con nosotros.<\/p>\n<p><a href=\"http:\/\/telsets.com\/es\/reciclaje\/\" target=\"_blank\" rel=\"noopener noreferrer\"><img loading=\"lazy\" decoding=\"async\" class=\"wp-image-572 aligncenter\" src=\"https:\/\/telsets.com\/es\/wp-content\/uploads\/sites\/5\/2017\/03\/side03e.png\" alt=\"\" width=\"94\" height=\"100\" \/><\/a>Gracias a Telsets y su compromiso con el Medio Ambiente, ofrecemos a nuestros clientes servicios de recompra, reutilizaci\u00f3n y reciclaje de sus equipos dando soluciones r\u00e1pidas y eficaces a sus necesidades. Telsets compra su sistema viejo ayudando as\u00ed a la modernizaci\u00f3n de su empresa. \u00a1Llame ahora y averig\u00fce el valor de sus sistemas viejos!<\/p>\n<p>&nbsp;<\/p>\n<hr \/>\n<p style=\"text-align: center;\"><a href=\"https:\/\/telsets.com\/es\/contact-us\/\" target=\"_blank\" rel=\"noopener noreferrer\"><img loading=\"lazy\" decoding=\"async\" class=\"alignnone wp-image-1000\" src=\"https:\/\/telsets.com\/es\/wp-content\/uploads\/sites\/5\/2017\/02\/Operadora.jpg\" alt=\"\" width=\"87\" height=\"86\" \/><\/a><\/p>\n<p style=\"text-align: center;\">Solicite ahora m\u00e1s informaci\u00f3n sin compromiso. <a href=\"https:\/\/telsets.com\/sitefiles\/es\/contact-us\/\" target=\"_blank\" rel=\"noopener noreferrer\"><span style=\"color: #0000ff;\">Cont\u00e1ctenos<\/span><\/a>.<\/p>\n<p style=\"text-align: center;\"><strong>Averig\u00fce hoy lo que Telsets puede hacer por Usted y su empresa.<\/strong><\/p>\n<p style=\"text-align: center;\">Nuestro equipo estar\u00e1 encantado de ayudarle. Hablamos ingl\u00e9s y espa\u00f1ol.<\/p>\n<p><script type=\"text\/javascript\" src=\"http:\/\/www.telsets.com\/mystats2\/track.php?mode=js\"><\/script><br \/>\n<noscript><img loading=\"lazy\" decoding=\"async\" src=\"http:\/\/www.telsets.com\/mystats2\/track_noscript.php\" border=\"0\" alt=\"\" width=\"1\" height=\"1\"><\/noscript><\/p>\n","protected":false},"excerpt":{"rendered":"<p>&nbsp; Ponemos a su disposici\u00f3n una extensa selecci\u00f3n de accesorios y recambios para sistemas de telefon\u00eda,&hellip; <\/p>\n","protected":false},"author":1,"featured_media":0,"parent":0,"menu_order":0,"comment_status":"closed","ping_status":"closed","template":"","meta":{"footnotes":""},"class_list":["post-291","page","type-page","status-publish","hentry"],"aioseo_notices":[],"_links":{"self":[{"href":"https:\/\/telsets.com\/es\/wp-json\/wp\/v2\/pages\/291","targetHints":{"allow":["GET"]}}],"collection":[{"href":"https:\/\/telsets.com\/es\/wp-json\/wp\/v2\/pages"}],"about":[{"href":"https:\/\/telsets.com\/es\/wp-json\/wp\/v2\/types\/page"}],"author":[{"embeddable":true,"href":"https:\/\/telsets.com\/es\/wp-json\/wp\/v2\/users\/1"}],"replies":[{"embeddable":true,"href":"https:\/\/telsets.com\/es\/wp-json\/wp\/v2\/comments?post=291"}],"version-history":[{"count":54,"href":"https:\/\/telsets.com\/es\/wp-json\/wp\/v2\/pages\/291\/revisions"}],"predecessor-version":[{"id":1135,"href":"https:\/\/telsets.com\/es\/wp-json\/wp\/v2\/pages\/291\/revisions\/1135"}],"wp:attachment":[{"href":"https:\/\/telsets.com\/es\/wp-json\/wp\/v2\/media?parent=291"}],"curies":[{"name":"wp","href":"https:\/\/api.w.org\/{rel}","templated":true}]}}