{"id":120,"date":"2017-01-26T11:06:36","date_gmt":"2017-01-26T11:06:36","guid":{"rendered":"http:\/\/telsets.com\/sitefiles\/es\/?page_id=120"},"modified":"2020-10-27T05:25:11","modified_gmt":"2020-10-27T04:25:11","slug":"contact-us","status":"publish","type":"page","link":"https:\/\/telsets.com\/es\/contact-us\/","title":{"rendered":"\u00bfEn qu\u00e9 le podemos ayudar hoy?"},"content":{"rendered":"<p style=\"text-align: left;\"><img loading=\"lazy\" decoding=\"async\" class=\"alignnone size-full wp-image-806\" src=\"http:\/\/telsets.com\/sitefiles\/es\/wp-content\/uploads\/sites\/5\/2017\/01\/CONTACT-US-HEAD-image-ESP.png\" alt=\"\" width=\"1240\" height=\"443\" srcset=\"https:\/\/telsets.com\/es\/wp-content\/uploads\/sites\/5\/2017\/01\/CONTACT-US-HEAD-image-ESP.png 1240w, https:\/\/telsets.com\/es\/wp-content\/uploads\/sites\/5\/2017\/01\/CONTACT-US-HEAD-image-ESP-300x107.png 300w, https:\/\/telsets.com\/es\/wp-content\/uploads\/sites\/5\/2017\/01\/CONTACT-US-HEAD-image-ESP-768x274.png 768w, https:\/\/telsets.com\/es\/wp-content\/uploads\/sites\/5\/2017\/01\/CONTACT-US-HEAD-image-ESP-1024x366.png 1024w\" sizes=\"auto, (max-width: 1240px) 100vw, 1240px\" \/><\/p>\n<p style=\"text-align: left;\">Ll\u00e1menos al Tel. <strong>+34 91 847 5569<\/strong> \u00f3 <strong>+34 91 845 1842<\/strong><br \/>\no escr\u00edbanos a <span style=\"color: #0000ff;\"><a style=\"color: #0000ff;\" href=\"mailto:sales@telsets.com\">sales@telsets.com<\/a><\/span><\/p>\n<p style=\"text-align: left;\">Nuestro personal habla ingl\u00e9s y espa\u00f1ol.<\/p>\n<div class=\"wpforms-container wpforms-container-full\" id=\"wpforms-1141\"><form id=\"wpforms-form-1141\" class=\"wpforms-validate wpforms-form\" data-formid=\"1141\" method=\"post\" enctype=\"multipart\/form-data\" action=\"\/es\/wp-json\/wp\/v2\/pages\/120\" data-token=\"e1cccafd4bf0d6d11678ffdfe4e669ba\" data-token-time=\"1775299729\"><noscript class=\"wpforms-error-noscript\">Por favor, activa JavaScript en tu navegador para completar este formulario.<\/noscript><div class=\"wpforms-field-container\"><div id=\"wpforms-1141-field_0-container\" class=\"wpforms-field wpforms-field-name\" data-field-id=\"0\"><label class=\"wpforms-field-label\">Name <span class=\"wpforms-required-label\">*<\/span><\/label><div class=\"wpforms-field-row wpforms-field-medium\"><div class=\"wpforms-field-row-block wpforms-first wpforms-one-half\"><input type=\"text\" id=\"wpforms-1141-field_0\" class=\"wpforms-field-name-first wpforms-field-required\" name=\"wpforms[fields][0][first]\" required><label for=\"wpforms-1141-field_0\" class=\"wpforms-field-sublabel after\">Nombre<\/label><\/div><div class=\"wpforms-field-row-block wpforms-one-half\"><input type=\"text\" id=\"wpforms-1141-field_0-last\" class=\"wpforms-field-name-last wpforms-field-required\" name=\"wpforms[fields][0][last]\" required><label for=\"wpforms-1141-field_0-last\" class=\"wpforms-field-sublabel after\">Apellidos<\/label><\/div><\/div><\/div><div id=\"wpforms-1141-field_1-container\" class=\"wpforms-field wpforms-field-email\" data-field-id=\"1\"><label class=\"wpforms-field-label\" for=\"wpforms-1141-field_1\">Direcci\u00f3n de correo <span class=\"wpforms-required-label\">*<\/span><\/label><input type=\"email\" id=\"wpforms-1141-field_1\" class=\"wpforms-field-medium wpforms-field-required\" name=\"wpforms[fields][1]\" spellcheck=\"false\" required><\/div><div id=\"wpforms-1141-field_5-container\" class=\"wpforms-field wpforms-field-text\" data-field-id=\"5\"><label class=\"wpforms-field-label\" for=\"wpforms-1141-field_5\">Asunto<\/label><input type=\"text\" id=\"wpforms-1141-field_5\" class=\"wpforms-field-medium\" name=\"wpforms[fields][5]\" ><\/div><div id=\"wpforms-1141-field_2-container\" class=\"wpforms-field wpforms-field-textarea\" data-field-id=\"2\"><label class=\"wpforms-field-label\" for=\"wpforms-1141-field_2\">Mensaje <span class=\"wpforms-required-label\">*<\/span><\/label><textarea id=\"wpforms-1141-field_2\" class=\"wpforms-field-medium wpforms-field-required\" name=\"wpforms[fields][2]\" required><\/textarea><\/div><div id=\"wpforms-1141-field_3-container\" class=\"wpforms-field wpforms-field-select wpforms-field-select-style-classic\" data-field-id=\"3\"><label class=\"wpforms-field-label\" for=\"wpforms-1141-field_3\">\u00bfC\u00f3mo quiere que le contactemos?<\/label><select id=\"wpforms-1141-field_3\" class=\"wpforms-field-medium\" name=\"wpforms[fields][3]\"><option value=\"Select\"  class=\"choice-1 depth-1\"  >Select<\/option><option value=\"Tel\u00e9fono\"  class=\"choice-2 depth-1\"  >Tel\u00e9fono<\/option><option value=\"Email\"  class=\"choice-3 depth-1\"  >Email<\/option><\/select><\/div><div id=\"wpforms-1141-field_4-container\" class=\"wpforms-field wpforms-field-select wpforms-field-select-style-classic\" data-field-id=\"4\"><label class=\"wpforms-field-label\" for=\"wpforms-1141-field_4\">\u00bfC\u00f3mo conoce Telsets?<\/label><select id=\"wpforms-1141-field_4\" class=\"wpforms-field-medium\" name=\"wpforms[fields][4]\"><option value=\"Select\"  class=\"choice-1 depth-1\"  >Select<\/option><option value=\"Recomendaci\u00f3n\"  class=\"choice-2 depth-1\"  >Recomendaci\u00f3n<\/option><option value=\"Buscador\"  class=\"choice-3 depth-1\"  >Buscador<\/option><option value=\"Usuario previo\"  class=\"choice-5 depth-1\"  >Usuario previo<\/option><option value=\"Otro\"  class=\"choice-4 depth-1\"  >Otro<\/option><\/select><\/div><div id=\"wpforms-1141-field_6-container\" class=\"wpforms-field wpforms-field-checkbox\" data-field-id=\"6\"><label class=\"wpforms-field-label\">Pol\u00edtica de Privacidad <span class=\"wpforms-required-label\">*<\/span><\/label><ul id=\"wpforms-1141-field_6\" class=\"wpforms-field-required\"><li class=\"choice-1 depth-1\"><input type=\"checkbox\" id=\"wpforms-1141-field_6_1\" name=\"wpforms[fields][6][]\" value=\"He le\u00eddo y acepto la Pol\u00edtica de Privacidad\" required ><label class=\"wpforms-field-label-inline\" for=\"wpforms-1141-field_6_1\">He le\u00eddo y acepto la Pol\u00edtica de Privacidad<\/label><\/li><\/ul><\/div><\/div><!-- .wpforms-field-container --><div class=\"wpforms-recaptcha-container wpforms-is-recaptcha wpforms-is-recaptcha-type-v2\" ><div class=\"g-recaptcha\" data-sitekey=\"6Lfa2NsZAAAAAEBYwC7pKg4Ibng1GDf9XzuMOm03\"><\/div><input type=\"text\" name=\"g-recaptcha-hidden\" class=\"wpforms-recaptcha-hidden\" style=\"position:absolute!important;clip:rect(0,0,0,0)!important;height:1px!important;width:1px!important;border:0!important;overflow:hidden!important;padding:0!important;margin:0!important;\" data-rule-recaptcha=\"1\"><\/div><div class=\"wpforms-submit-container\" ><input type=\"hidden\" name=\"wpforms[id]\" value=\"1141\"><input type=\"hidden\" name=\"page_title\" value=\"\"><input type=\"hidden\" name=\"page_url\" value=\"https:\/\/telsets.com\/es\/wp-json\/wp\/v2\/pages\/120\"><input type=\"hidden\" name=\"url_referer\" value=\"\"><button type=\"submit\" name=\"wpforms[submit]\" id=\"wpforms-submit-1141\" class=\"wpforms-submit\" data-alt-text=\"Sending\u2026\" data-submit-text=\"Submit\" aria-live=\"assertive\" value=\"wpforms-submit\">Submit<\/button><\/div><\/form><\/div>  <!-- .wpforms-container -->\n<p>&nbsp;<\/p>\n<p>&nbsp;<\/p>\n<p>&nbsp;<\/p>\n<p>*Los campos marcados con asteriscos son obligatorios. Toda informaci\u00f3n entregada por esta v\u00eda de contacto es confidencial y no ser\u00e1 vendida ni facilitada a terceros.<\/p>\n<p>Asimismo le informamos que los ordenadores con las configuraciones o ajustes de alta privacidad pueden frenar o bloquear informaci\u00f3n enviada a trav\u00e9s del browser. Si este m\u00e9todo de contacto falla, env\u00ede un correo a la siguiente direcci\u00f3n: <span style=\"color: #0000ff;\"><a style=\"color: #0000ff;\" href=\"mailto:sales@telsets.com\">sales@telsets.com<\/a><\/span><br \/>\n<script type=\"text\/javascript\" src=\"http:\/\/www.telsets.com\/mystats2\/track.php?mode=js\"><\/script><br \/>\n<noscript><img loading=\"lazy\" decoding=\"async\" src=\"http:\/\/www.telsets.com\/mystats2\/track_noscript.php\" border=\"0\" alt=\"\" width=\"1\" height=\"1\"><\/noscript><\/p>\n<p>&nbsp;<\/p>\n","protected":false},"excerpt":{"rendered":"<p>Ll\u00e1menos al Tel. +34 91 847 5569 \u00f3 +34 91 845 1842 o escr\u00edbanos a sales@telsets.com&hellip; <\/p>\n","protected":false},"author":1,"featured_media":352,"parent":0,"menu_order":0,"comment_status":"closed","ping_status":"closed","template":"","meta":{"footnotes":""},"class_list":["post-120","page","type-page","status-publish","has-post-thumbnail","hentry"],"aioseo_notices":[],"_links":{"self":[{"href":"https:\/\/telsets.com\/es\/wp-json\/wp\/v2\/pages\/120","targetHints":{"allow":["GET"]}}],"collection":[{"href":"https:\/\/telsets.com\/es\/wp-json\/wp\/v2\/pages"}],"about":[{"href":"https:\/\/telsets.com\/es\/wp-json\/wp\/v2\/types\/page"}],"author":[{"embeddable":true,"href":"https:\/\/telsets.com\/es\/wp-json\/wp\/v2\/users\/1"}],"replies":[{"embeddable":true,"href":"https:\/\/telsets.com\/es\/wp-json\/wp\/v2\/comments?post=120"}],"version-history":[{"count":35,"href":"https:\/\/telsets.com\/es\/wp-json\/wp\/v2\/pages\/120\/revisions"}],"predecessor-version":[{"id":1142,"href":"https:\/\/telsets.com\/es\/wp-json\/wp\/v2\/pages\/120\/revisions\/1142"}],"wp:featuredmedia":[{"embeddable":true,"href":"https:\/\/telsets.com\/es\/wp-json\/wp\/v2\/media\/352"}],"wp:attachment":[{"href":"https:\/\/telsets.com\/es\/wp-json\/wp\/v2\/media?parent=120"}],"curies":[{"name":"wp","href":"https:\/\/api.w.org\/{rel}","templated":true}]}}