{"id":1123,"date":"2020-10-23T07:38:36","date_gmt":"2020-10-23T05:38:36","guid":{"rendered":"https:\/\/telsets.com\/es\/?page_id=1123"},"modified":"2020-10-23T07:39:31","modified_gmt":"2020-10-23T05:39:31","slug":"auriculares","status":"publish","type":"page","link":"https:\/\/telsets.com\/es\/auriculares\/","title":{"rendered":"AURICULARES"},"content":{"rendered":"<p>En TELSETS disponemos una amplia gama de productos de los principales fabricantes del mercado como pueden ser Poly, Sennheiser, Jabra, Avalle, etc.<br \/>\nSuministramos todos los productos que pueda demandar, cascos con conexi\u00f3n USB, cascos para Centros de llamadas, cascos inal\u00e1mbricos, almohadillas de repuesto, bater\u00edas y todo tipo de accesorios de conexi\u00f3n para los diferentes fabricantes y poder dar soporte a las Comunicaciones Unificadas de la empresa en un proveedor de confianza.<\/p>\n<p>Contamos con un gran stock de cascos inal\u00e1mbricos con conexi\u00f3n Bluetooth para conectar a sus equipos m\u00f3viles, tabletas, port\u00e1tiles, la mejor opci\u00f3n para personas que necesitan un casco multidispositivo, y su puesto de trabajo requiere de una gran movilidad.<\/p>\n<p style=\"text-align: center;\"><img loading=\"lazy\" decoding=\"async\" class=\"alignnone size-full wp-image-1116\" src=\"https:\/\/telsets.com\/es\/wp-content\/uploads\/sites\/5\/2020\/10\/telsets2020b.jpg\" alt=\"\" width=\"748\" height=\"377\" srcset=\"https:\/\/telsets.com\/es\/wp-content\/uploads\/sites\/5\/2020\/10\/telsets2020b.jpg 748w, https:\/\/telsets.com\/es\/wp-content\/uploads\/sites\/5\/2020\/10\/telsets2020b-300x151.jpg 300w\" sizes=\"auto, (max-width: 748px) 100vw, 748px\" \/><\/p>\n<p>Tambi\u00e9n disponemos de cascos inal\u00e1mbricos con tecnolog\u00eda DECT, para conectar a los tel\u00e9fonos de sobremesa, equipos inform\u00e1ticos, m\u00f3viles. Junto con todos los accesorios o repuestos que pueda necesitar para mantener los equipos en un estado \u00f3ptimo.<\/p>\n<p>Estamos especializados en el suministro de cascos para Centros de Llamadas, estos equipos tienen la peculiaridad de tener el conecto denominado QD (desconexi\u00f3n r\u00e1pida) para que sea m\u00e1s sencillo el cambio del casco en el puesto de trabajo, solo con tirar del conector del otro extremo y est\u00e1 preparado para que se pueda conectarse de nuevo un agente.<\/p>\n<p style=\"text-align: center;\"><img loading=\"lazy\" decoding=\"async\" class=\"alignnone size-full wp-image-1115\" src=\"https:\/\/telsets.com\/es\/wp-content\/uploads\/sites\/5\/2020\/10\/telsets2020c.jpg\" alt=\"\" width=\"900\" height=\"200\" srcset=\"https:\/\/telsets.com\/es\/wp-content\/uploads\/sites\/5\/2020\/10\/telsets2020c.jpg 900w, https:\/\/telsets.com\/es\/wp-content\/uploads\/sites\/5\/2020\/10\/telsets2020c-300x67.jpg 300w, https:\/\/telsets.com\/es\/wp-content\/uploads\/sites\/5\/2020\/10\/telsets2020c-768x171.jpg 768w\" sizes=\"auto, (max-width: 900px) 100vw, 900px\" \/><\/p>\n<p>Si lo que necesita es un equipo de conferencia port\u00e1til, tambi\u00e9n tenemos stock, disponemos de equipos con conexi\u00f3n USB y Bluetooth, que son las soluciones m\u00e1s frecuentes para dar cobertura a las necesidades que pueda demandar los clientes.<\/p>\n<p>No dude en ponerse en contacto con nosotros, le asesoremos y nuestro equipo de t\u00e9cnicos les dar\u00e1n una soluci\u00f3n perfecta a sus necesidades.<\/p>\n<p>&nbsp;<\/p>\n<p><img loading=\"lazy\" decoding=\"async\" class=\"aligncenter wp-image-697\" src=\"https:\/\/telsets.com\/sitefiles\/es\/wp-content\/uploads\/sites\/5\/2017\/01\/2-Year-Warranty-Image.jpg\" alt=\"\" width=\"73\" height=\"100\" srcset=\"https:\/\/telsets.com\/es\/wp-content\/uploads\/sites\/5\/2017\/01\/2-Year-Warranty-Image.jpg 436w, https:\/\/telsets.com\/es\/wp-content\/uploads\/sites\/5\/2017\/01\/2-Year-Warranty-Image-218x300.jpg 218w\" sizes=\"auto, (max-width: 73px) 100vw, 73px\" \/><\/p>\n<p style=\"text-align: center;\">Nuestros equipos tienen una garant\u00eda de 2 a\u00f1os.<\/p>\n<hr \/>\n<p style=\"text-align: center;\"><a href=\"https:\/\/telsets.com\/es\/contact-us\/\" target=\"_blank\" rel=\"noopener noreferrer\"><img loading=\"lazy\" decoding=\"async\" class=\"alignnone wp-image-1000\" src=\"https:\/\/telsets.com\/es\/wp-content\/uploads\/sites\/5\/2017\/02\/Operadora.jpg\" alt=\"\" width=\"87\" height=\"86\" \/><\/a><\/p>\n<p style=\"text-align: center;\">Para ponerse en contacto con nosotros haga <span style=\"color: #0000ff;\"><a style=\"color: #0000ff;\" href=\"https:\/\/telsets.com\/es\/contact-us\/\" target=\"_blank\" rel=\"noopener noreferrer\">clic aqu\u00ed<\/a><\/span><strong>.<\/strong><\/p>\n<p style=\"text-align: center;\">Nuestro equipo estar\u00e1 encantado de atenderle.<\/p>\n<p><span style=\"color: #ffffff;\">&#8211;<\/span><br \/>\n<script type=\"text\/javascript\" src=\"http:\/\/www.telsets.com\/mystats2\/track.php?mode=js\"><\/script><br \/>\n<noscript><img loading=\"lazy\" decoding=\"async\" src=\"http:\/\/www.telsets.com\/mystats2\/track_noscript.php\" border=\"0\" alt=\"\" width=\"1\" height=\"1\"><\/noscript><\/p>\n","protected":false},"excerpt":{"rendered":"<p>En TELSETS disponemos una amplia gama de productos de los principales fabricantes del mercado como pueden&hellip; <\/p>\n","protected":false},"author":1,"featured_media":0,"parent":0,"menu_order":0,"comment_status":"closed","ping_status":"closed","template":"","meta":{"footnotes":""},"class_list":["post-1123","page","type-page","status-publish","hentry"],"aioseo_notices":[],"_links":{"self":[{"href":"https:\/\/telsets.com\/es\/wp-json\/wp\/v2\/pages\/1123","targetHints":{"allow":["GET"]}}],"collection":[{"href":"https:\/\/telsets.com\/es\/wp-json\/wp\/v2\/pages"}],"about":[{"href":"https:\/\/telsets.com\/es\/wp-json\/wp\/v2\/types\/page"}],"author":[{"embeddable":true,"href":"https:\/\/telsets.com\/es\/wp-json\/wp\/v2\/users\/1"}],"replies":[{"embeddable":true,"href":"https:\/\/telsets.com\/es\/wp-json\/wp\/v2\/comments?post=1123"}],"version-history":[{"count":1,"href":"https:\/\/telsets.com\/es\/wp-json\/wp\/v2\/pages\/1123\/revisions"}],"predecessor-version":[{"id":1124,"href":"https:\/\/telsets.com\/es\/wp-json\/wp\/v2\/pages\/1123\/revisions\/1124"}],"wp:attachment":[{"href":"https:\/\/telsets.com\/es\/wp-json\/wp\/v2\/media?parent=1123"}],"curies":[{"name":"wp","href":"https:\/\/api.w.org\/{rel}","templated":true}]}}