{"id":109,"date":"2017-01-26T10:59:17","date_gmt":"2017-01-26T10:59:17","guid":{"rendered":"http:\/\/telsets.com\/sitefiles\/es\/?page_id=109"},"modified":"2020-10-23T07:29:39","modified_gmt":"2020-10-23T05:29:39","slug":"teletrabajo","status":"publish","type":"page","link":"https:\/\/telsets.com\/es\/teletrabajo\/","title":{"rendered":"TELETRABAJO"},"content":{"rendered":"<p>En TELSETS, ofrecemos todo lo necesario para equiparle y poder desarrollar su actividad profesional en casa, como si estuviera en la oficina.<\/p>\n<p>El teletrabajo se ha instaurado en nuestras sociedades para quedarse, impulsado por la COVID-19 y nos tenemos que adaptar a \u00e9l. En TELSETS le podemos ayudar y asesorar para seleccionar los equipos que mejor se adapten a sus necesitadas. Disponemos de un gran stock de equipos inform\u00e1ticos, port\u00e1tiles, cascos USB, equipos para conferencias telef\u00f3nicas o mobiliario de oficina por si sus empleados tienen esta necesidad.<\/p>\n<p style=\"text-align: center;\"><img loading=\"lazy\" decoding=\"async\" class=\"alignnone size-full wp-image-1117\" src=\"https:\/\/telsets.com\/es\/wp-content\/uploads\/sites\/5\/2020\/10\/callcentre.jpg\" alt=\"\" width=\"900\" height=\"363\" srcset=\"https:\/\/telsets.com\/es\/wp-content\/uploads\/sites\/5\/2020\/10\/callcentre.jpg 900w, https:\/\/telsets.com\/es\/wp-content\/uploads\/sites\/5\/2020\/10\/callcentre-300x121.jpg 300w, https:\/\/telsets.com\/es\/wp-content\/uploads\/sites\/5\/2020\/10\/callcentre-768x310.jpg 768w\" sizes=\"auto, (max-width: 900px) 100vw, 900px\" \/><\/p>\n<p>Tanto empresas como particulares pueden cumplir con el REAL DECRETO LEY 28\/2020 DE TRABAJO A DISTANCIA, con los equipos nuevos como reacondicionados que suministramos a todos nuestros clientes.<\/p>\n<p>En TELSETS estamos comprometidos con el medio ambiente ofreciendo una amplia gama de equipos reacondicionados, y cumpliendo con el principio de la Econom\u00eda Circular con el objetivo de generar el m\u00ednimo residuo posible.<\/p>\n<p>Disponemos de diferentes Pack y equipos:<\/p>\n<ul>\n<li>Pack de port\u00e1til y casco USB o inal\u00e1mbricos<\/li>\n<li>Pack equipos de sobremesa con pantalla, teclado, rat\u00f3n y cascos USB<\/li>\n<li>Equipos SFF, USDT, Torre, sobremesa, OIA, con licencia originales<\/li>\n<li>Perif\u00e9ricos<\/li>\n<li>Pantallas de diferentes tama\u00f1os<\/li>\n<li>Amplia gama de port\u00e1tiles<\/li>\n<li>Cascos inal\u00e1mbricos multidispositivo<\/li>\n<li>Cacos con conector USB, Jack 3.5mm, etc<\/li>\n<li>Equipos de audioconferencia port\u00e1tiles<\/li>\n<li>Equipos de video conferencia<\/li>\n<\/ul>\n<p style=\"text-align: center;\"><img loading=\"lazy\" decoding=\"async\" class=\"alignnone size-full wp-image-1118\" src=\"https:\/\/telsets.com\/es\/wp-content\/uploads\/sites\/5\/2020\/10\/telsets2020a.jpg\" alt=\"\" width=\"900\" height=\"400\" srcset=\"https:\/\/telsets.com\/es\/wp-content\/uploads\/sites\/5\/2020\/10\/telsets2020a.jpg 900w, https:\/\/telsets.com\/es\/wp-content\/uploads\/sites\/5\/2020\/10\/telsets2020a-300x133.jpg 300w, https:\/\/telsets.com\/es\/wp-content\/uploads\/sites\/5\/2020\/10\/telsets2020a-768x341.jpg 768w\" sizes=\"auto, (max-width: 900px) 100vw, 900px\" \/><\/p>\n<p>P\u00f3ngase en contacto con nosotros y nuestro equipo le asesorara de todas las opciones buscando las que mejor se ajusten a sus necesidades. Podremos confeccionar un presupuesto a su medida, con unos plazos de entrega r\u00e1pidos y fiables con la posibilidad de incluir una gesti\u00f3n log\u00edstica avanzada por si necesita enviar material a diferentes ubicaciones.<\/p>\n<p>&nbsp;<\/p>\n<p><img loading=\"lazy\" decoding=\"async\" class=\"aligncenter wp-image-697\" src=\"https:\/\/telsets.com\/sitefiles\/es\/wp-content\/uploads\/sites\/5\/2017\/01\/2-Year-Warranty-Image.jpg\" alt=\"\" width=\"73\" height=\"100\" srcset=\"https:\/\/telsets.com\/es\/wp-content\/uploads\/sites\/5\/2017\/01\/2-Year-Warranty-Image.jpg 436w, https:\/\/telsets.com\/es\/wp-content\/uploads\/sites\/5\/2017\/01\/2-Year-Warranty-Image-218x300.jpg 218w\" sizes=\"auto, (max-width: 73px) 100vw, 73px\" \/><\/p>\n<p style=\"text-align: center;\">Nuestros equipos tienen una garant\u00eda de 2 a\u00f1os.<\/p>\n<hr \/>\n<p style=\"text-align: center;\"><a href=\"https:\/\/telsets.com\/es\/contact-us\/\" target=\"_blank\" rel=\"noopener noreferrer\"><img loading=\"lazy\" decoding=\"async\" class=\"alignnone wp-image-1000\" src=\"https:\/\/telsets.com\/es\/wp-content\/uploads\/sites\/5\/2017\/02\/Operadora.jpg\" alt=\"\" width=\"87\" height=\"86\" \/><\/a><\/p>\n<p style=\"text-align: center;\">Para ponerse en contacto con nosotros haga <span style=\"color: #0000ff;\"><a style=\"color: #0000ff;\" href=\"https:\/\/telsets.com\/es\/contact-us\/\" target=\"_blank\" rel=\"noopener noreferrer\">clic aqu\u00ed<\/a><\/span><strong>.<\/strong><\/p>\n<p style=\"text-align: center;\">Nuestro equipo estar\u00e1 encantado de atenderle.<\/p>\n<p><span style=\"color: #ffffff;\">&#8211;<\/span><br \/>\n<script type=\"text\/javascript\" src=\"http:\/\/www.telsets.com\/mystats2\/track.php?mode=js\"><\/script><br \/>\n<noscript><img loading=\"lazy\" decoding=\"async\" src=\"http:\/\/www.telsets.com\/mystats2\/track_noscript.php\" border=\"0\" alt=\"\" width=\"1\" height=\"1\"><\/noscript><\/p>\n","protected":false},"excerpt":{"rendered":"<p>En TELSETS, ofrecemos todo lo necesario para equiparle y poder desarrollar su actividad profesional en casa,&hellip; <\/p>\n","protected":false},"author":1,"featured_media":0,"parent":0,"menu_order":0,"comment_status":"closed","ping_status":"closed","template":"","meta":{"footnotes":""},"class_list":["post-109","page","type-page","status-publish","hentry"],"aioseo_notices":[],"_links":{"self":[{"href":"https:\/\/telsets.com\/es\/wp-json\/wp\/v2\/pages\/109","targetHints":{"allow":["GET"]}}],"collection":[{"href":"https:\/\/telsets.com\/es\/wp-json\/wp\/v2\/pages"}],"about":[{"href":"https:\/\/telsets.com\/es\/wp-json\/wp\/v2\/types\/page"}],"author":[{"embeddable":true,"href":"https:\/\/telsets.com\/es\/wp-json\/wp\/v2\/users\/1"}],"replies":[{"embeddable":true,"href":"https:\/\/telsets.com\/es\/wp-json\/wp\/v2\/comments?post=109"}],"version-history":[{"count":23,"href":"https:\/\/telsets.com\/es\/wp-json\/wp\/v2\/pages\/109\/revisions"}],"predecessor-version":[{"id":1122,"href":"https:\/\/telsets.com\/es\/wp-json\/wp\/v2\/pages\/109\/revisions\/1122"}],"wp:attachment":[{"href":"https:\/\/telsets.com\/es\/wp-json\/wp\/v2\/media?parent=109"}],"curies":[{"name":"wp","href":"https:\/\/api.w.org\/{rel}","templated":true}]}}