{"id":107,"date":"2017-01-26T10:59:03","date_gmt":"2017-01-26T10:59:03","guid":{"rendered":"http:\/\/telsets.com\/sitefiles\/es\/?page_id=107"},"modified":"2018-10-18T08:34:31","modified_gmt":"2018-10-18T06:34:31","slug":"polycom","status":"publish","type":"page","link":"https:\/\/telsets.com\/es\/polycom\/","title":{"rendered":"POLYCOM"},"content":{"rendered":"<h5><img loading=\"lazy\" decoding=\"async\" class=\"alignnone size-full wp-image-914\" src=\"https:\/\/telsets.com\/sitefiles\/es\/wp-content\/uploads\/sites\/5\/2017\/01\/PRODUCTOS-POLYCOM.jpg\" alt=\"\" width=\"1240\" height=\"410\" srcset=\"https:\/\/telsets.com\/es\/wp-content\/uploads\/sites\/5\/2017\/01\/PRODUCTOS-POLYCOM.jpg 1240w, https:\/\/telsets.com\/es\/wp-content\/uploads\/sites\/5\/2017\/01\/PRODUCTOS-POLYCOM-300x99.jpg 300w, https:\/\/telsets.com\/es\/wp-content\/uploads\/sites\/5\/2017\/01\/PRODUCTOS-POLYCOM-768x254.jpg 768w, https:\/\/telsets.com\/es\/wp-content\/uploads\/sites\/5\/2017\/01\/PRODUCTOS-POLYCOM-1024x339.jpg 1024w\" sizes=\"auto, (max-width: 1240px) 100vw, 1240px\" \/><\/h5>\n<h5><\/h5>\n<h5><strong>POLYCOM<\/strong><\/h5>\n<p>El abanico de productos Polycom es inmenso. En Telsets nos especializamos en los tel\u00e9fonos de conferencia Polycom que han sido galardonados. La nitidez del sonido y el buen rendimiento hacen que sea el producto m\u00e1s elegido por las compa\u00f1\u00edas en la industria de la telecomunicaci\u00f3n.<\/p>\n<blockquote><p><span style=\"color: #333333;\"><em><strong>Ahorre dinero con nuestras unidades reacondicionadas.<\/strong><\/em><\/span><\/p><\/blockquote>\n<p>Elija entre terminales IP, digitales o anal\u00f3gicos; en Telsets tenemos un tel\u00e9fono de conferencia que se adaptar\u00e1 a sus necesidades.<\/p>\n<p>&nbsp;<\/p>\n<p><img loading=\"lazy\" decoding=\"async\" class=\"wp-image-697 aligncenter\" src=\"https:\/\/telsets.com\/sitefiles\/es\/wp-content\/uploads\/sites\/5\/2017\/01\/2-Year-Warranty-Image.jpg\" alt=\"\" width=\"73\" height=\"100\" srcset=\"https:\/\/telsets.com\/es\/wp-content\/uploads\/sites\/5\/2017\/01\/2-Year-Warranty-Image.jpg 436w, https:\/\/telsets.com\/es\/wp-content\/uploads\/sites\/5\/2017\/01\/2-Year-Warranty-Image-218x300.jpg 218w\" sizes=\"auto, (max-width: 73px) 100vw, 73px\" \/><\/p>\n<p style=\"text-align: center;\">Nuestros equipos reacondicionados POLYCOM tienen una garant\u00eda de 2 a\u00f1os.<\/p>\n<hr \/>\n<p style=\"text-align: center;\"><a href=\"https:\/\/telsets.com\/es\/contact-us\/\" target=\"_blank\" rel=\"noopener noreferrer\"><img loading=\"lazy\" decoding=\"async\" class=\"alignnone wp-image-1000\" src=\"https:\/\/telsets.com\/es\/wp-content\/uploads\/sites\/5\/2017\/02\/Operadora.jpg\" alt=\"\" width=\"87\" height=\"86\" \/><\/a><\/p>\n<p style=\"text-align: center;\">Para ponerse en contacto con nosotros haga <span style=\"color: #0000ff;\"><a style=\"color: #0000ff;\" href=\"https:\/\/telsets.com\/es\/contact-us\/\" target=\"_blank\" rel=\"noopener noreferrer\">clic aqu\u00ed<\/a><\/span>.<\/p>\n<p style=\"text-align: center;\">Nuestro equipo estar\u00e1 encantado de atenderle.<span style=\"color: #ffffff;\">&#8212;<\/span><\/p>\n<p><script type=\"text\/javascript\" src=\"http:\/\/www.telsets.com\/mystats2\/track.php?mode=js\"><\/script><br \/>\n<noscript><img loading=\"lazy\" decoding=\"async\" src=\"http:\/\/www.telsets.com\/mystats2\/track_noscript.php\" border=\"0\" alt=\"\" width=\"1\" height=\"1\"><\/noscript><\/p>\n","protected":false},"excerpt":{"rendered":"<p>POLYCOM El abanico de productos Polycom es inmenso. En Telsets nos especializamos en los tel\u00e9fonos de&hellip; <\/p>\n","protected":false},"author":1,"featured_media":680,"parent":0,"menu_order":0,"comment_status":"closed","ping_status":"closed","template":"","meta":{"footnotes":""},"class_list":["post-107","page","type-page","status-publish","has-post-thumbnail","hentry"],"aioseo_notices":[],"_links":{"self":[{"href":"https:\/\/telsets.com\/es\/wp-json\/wp\/v2\/pages\/107","targetHints":{"allow":["GET"]}}],"collection":[{"href":"https:\/\/telsets.com\/es\/wp-json\/wp\/v2\/pages"}],"about":[{"href":"https:\/\/telsets.com\/es\/wp-json\/wp\/v2\/types\/page"}],"author":[{"embeddable":true,"href":"https:\/\/telsets.com\/es\/wp-json\/wp\/v2\/users\/1"}],"replies":[{"embeddable":true,"href":"https:\/\/telsets.com\/es\/wp-json\/wp\/v2\/comments?post=107"}],"version-history":[{"count":30,"href":"https:\/\/telsets.com\/es\/wp-json\/wp\/v2\/pages\/107\/revisions"}],"predecessor-version":[{"id":1107,"href":"https:\/\/telsets.com\/es\/wp-json\/wp\/v2\/pages\/107\/revisions\/1107"}],"wp:featuredmedia":[{"embeddable":true,"href":"https:\/\/telsets.com\/es\/wp-json\/wp\/v2\/media\/680"}],"wp:attachment":[{"href":"https:\/\/telsets.com\/es\/wp-json\/wp\/v2\/media?parent=107"}],"curies":[{"name":"wp","href":"https:\/\/api.w.org\/{rel}","templated":true}]}}