{"id":103,"date":"2017-01-26T10:58:36","date_gmt":"2017-01-26T10:58:36","guid":{"rendered":"http:\/\/telsets.com\/sitefiles\/es\/?page_id=103"},"modified":"2018-10-18T08:33:27","modified_gmt":"2018-10-18T06:33:27","slug":"nortel","status":"publish","type":"page","link":"https:\/\/telsets.com\/es\/nortel\/","title":{"rendered":"NORTEL"},"content":{"rendered":"<h5><img loading=\"lazy\" decoding=\"async\" class=\"alignnone size-full wp-image-910\" src=\"https:\/\/telsets.com\/sitefiles\/es\/wp-content\/uploads\/sites\/5\/2017\/01\/PRODUCTOS-NORTEL.jpg\" alt=\"\" width=\"1240\" height=\"410\" srcset=\"https:\/\/telsets.com\/es\/wp-content\/uploads\/sites\/5\/2017\/01\/PRODUCTOS-NORTEL.jpg 1240w, https:\/\/telsets.com\/es\/wp-content\/uploads\/sites\/5\/2017\/01\/PRODUCTOS-NORTEL-300x99.jpg 300w, https:\/\/telsets.com\/es\/wp-content\/uploads\/sites\/5\/2017\/01\/PRODUCTOS-NORTEL-768x254.jpg 768w, https:\/\/telsets.com\/es\/wp-content\/uploads\/sites\/5\/2017\/01\/PRODUCTOS-NORTEL-1024x339.jpg 1024w\" sizes=\"auto, (max-width: 1240px) 100vw, 1240px\" \/><\/h5>\n<h5><\/h5>\n<h5><strong>NORTEL<\/strong><\/h5>\n<p>Proveedor a nivel mundial para equipamiento de Networking y Telecomunicaciones, y muy reconocido por su s\u00f3lida reputaci\u00f3n no s\u00f3lo como empresa, sino tambi\u00e9n por sus productos. Nortel da servicio a muchas de las 500 empresas \u201cfortune\u201d y hace poco se uni\u00f3 a Avaya para que sus productos se complementaran, mejorando su portafolio en el sector de las comunicaciones.<\/p>\n<blockquote><p><span style=\"color: #333333;\"><em><strong>Los switches de Nortel son de los m\u00e1s valorados en el mercado por sus excelentes prestaciones.<\/strong><\/em><\/span><\/p><\/blockquote>\n<p>Telsets ofrece recambios antiguos y ayuda a los clientes de Nortel con los recambios, las reparaciones, los reemplazos, el reacondicionamiento de terminales y con aquellos materiales que necesitan para upgrades o ampliaciones.<\/p>\n<p>&nbsp;<\/p>\n<p style=\"text-align: center;\"><img loading=\"lazy\" decoding=\"async\" class=\"alignnone wp-image-697\" src=\"https:\/\/telsets.com\/sitefiles\/es\/wp-content\/uploads\/sites\/5\/2017\/01\/2-Year-Warranty-Image.jpg\" alt=\"\" width=\"73\" height=\"100\" srcset=\"https:\/\/telsets.com\/es\/wp-content\/uploads\/sites\/5\/2017\/01\/2-Year-Warranty-Image.jpg 436w, https:\/\/telsets.com\/es\/wp-content\/uploads\/sites\/5\/2017\/01\/2-Year-Warranty-Image-218x300.jpg 218w\" sizes=\"auto, (max-width: 73px) 100vw, 73px\" \/><\/p>\n<p style=\"text-align: center;\">Nuestros equipos reacondicionados NORTEL tienen una garant\u00eda de 2 a\u00f1os.<\/p>\n<hr \/>\n<p style=\"text-align: center;\"><a href=\"https:\/\/telsets.com\/es\/contact-us\/\" target=\"_blank\" rel=\"noopener noreferrer\"><img loading=\"lazy\" decoding=\"async\" class=\"alignnone wp-image-1000\" src=\"https:\/\/telsets.com\/es\/wp-content\/uploads\/sites\/5\/2017\/02\/Operadora.jpg\" alt=\"\" width=\"87\" height=\"86\" \/><\/a><\/p>\n<p style=\"text-align: center;\">Para ponerse en contacto con nosotros haga <span style=\"color: #0000ff;\"><a style=\"color: #0000ff;\" href=\"https:\/\/telsets.com\/es\/contact-us\/\" target=\"_blank\" rel=\"noopener noreferrer\">clic aqu\u00ed<\/a><\/span>.<\/p>\n<p style=\"text-align: center;\">Nuestro equipo estar\u00e1 encantado de atenderle.<\/p>\n<p><span style=\"color: #ffffff;\">&#8212;<\/span><br \/>\n<script type=\"text\/javascript\" src=\"http:\/\/www.telsets.com\/mystats2\/track.php?mode=js\"><\/script><br \/>\n<noscript><img loading=\"lazy\" decoding=\"async\" src=\"http:\/\/www.telsets.com\/mystats2\/track_noscript.php\" border=\"0\" alt=\"\" width=\"1\" height=\"1\"><\/noscript><\/p>\n","protected":false},"excerpt":{"rendered":"<p>NORTEL Proveedor a nivel mundial para equipamiento de Networking y Telecomunicaciones, y muy reconocido por su&hellip; <\/p>\n","protected":false},"author":1,"featured_media":690,"parent":0,"menu_order":0,"comment_status":"closed","ping_status":"closed","template":"","meta":{"footnotes":""},"class_list":["post-103","page","type-page","status-publish","has-post-thumbnail","hentry"],"aioseo_notices":[],"_links":{"self":[{"href":"https:\/\/telsets.com\/es\/wp-json\/wp\/v2\/pages\/103","targetHints":{"allow":["GET"]}}],"collection":[{"href":"https:\/\/telsets.com\/es\/wp-json\/wp\/v2\/pages"}],"about":[{"href":"https:\/\/telsets.com\/es\/wp-json\/wp\/v2\/types\/page"}],"author":[{"embeddable":true,"href":"https:\/\/telsets.com\/es\/wp-json\/wp\/v2\/users\/1"}],"replies":[{"embeddable":true,"href":"https:\/\/telsets.com\/es\/wp-json\/wp\/v2\/comments?post=103"}],"version-history":[{"count":23,"href":"https:\/\/telsets.com\/es\/wp-json\/wp\/v2\/pages\/103\/revisions"}],"predecessor-version":[{"id":1106,"href":"https:\/\/telsets.com\/es\/wp-json\/wp\/v2\/pages\/103\/revisions\/1106"}],"wp:featuredmedia":[{"embeddable":true,"href":"https:\/\/telsets.com\/es\/wp-json\/wp\/v2\/media\/690"}],"wp:attachment":[{"href":"https:\/\/telsets.com\/es\/wp-json\/wp\/v2\/media?parent=103"}],"curies":[{"name":"wp","href":"https:\/\/api.w.org\/{rel}","templated":true}]}}